{"id":67,"date":"2023-04-25T21:40:06","date_gmt":"2023-04-25T19:40:06","guid":{"rendered":"https:\/\/ventes-privees.lugand-aciers.fr\/?page_id=67"},"modified":"2023-04-26T15:45:14","modified_gmt":"2023-04-26T13:45:14","slug":"panier-2","status":"publish","type":"page","link":"https:\/\/ventes-privees.lugand-aciers.fr\/?page_id=67","title":{"rendered":"Panier"},"content":{"rendered":"\t\t<div data-elementor-type=\"wp-page\" data-elementor-id=\"67\" class=\"elementor elementor-67\">\n\t\t\t\t\t\t<section class=\"elementor-section elementor-top-section elementor-element elementor-element-043d681 elementor-section-boxed elementor-section-height-default elementor-section-height-default\" data-id=\"043d681\" data-element_type=\"section\">\n\t\t\t\t\t\t<div class=\"elementor-container elementor-column-gap-default\">\n\t\t\t\t\t<div class=\"elementor-column elementor-col-100 elementor-top-column elementor-element elementor-element-865a7e2\" data-id=\"865a7e2\" data-element_type=\"column\">\n\t\t\t<div class=\"elementor-widget-wrap elementor-element-populated\">\n\t\t\t\t\t\t<div class=\"elementor-element elementor-element-01d9226 elementor-widget elementor-widget-heading\" data-id=\"01d9226\" data-element_type=\"widget\" data-widget_type=\"heading.default\">\n\t\t\t\t<div class=\"elementor-widget-container\">\n\t\t\t<h2 class=\"elementor-heading-title elementor-size-default\">R\u00e9sum\u00e9 de votre panier<\/h2>\t\t<\/div>\n\t\t\t\t<\/div>\n\t\t\t\t<div class=\"elementor-element elementor-element-7e5f17b e-cart-layout-two-column elementor-widget elementor-widget-woocommerce-cart\" data-id=\"7e5f17b\" data-element_type=\"widget\" data-widget_type=\"woocommerce-cart.default\">\n\t\t\t\t<div class=\"elementor-widget-container\">\n\t\t\t<div class=\"woocommerce\"><div class=\"woocommerce-notices-wrapper\"><\/div><div class=\"wc-empty-cart-message\">\n\t<div class=\"cart-empty woocommerce-info\">\n\t\tVotre panier est actuellement vide.\t<\/div>\n<\/div>\t<p class=\"return-to-shop\">\n\t\t<a class=\"button wc-backward\" href=\"https:\/\/ventes-privees.lugand-aciers.fr\">\n\t\t\tRetour \u00e0 la boutique\t\t<\/a>\n\t<\/p>\n<\/div>\t\t<\/div>\n\t\t\t\t<\/div>\n\t\t\t\t<div class=\"elementor-element elementor-element-c84b8ac elementor-widget elementor-widget-text-editor\" data-id=\"c84b8ac\" data-element_type=\"widget\" data-widget_type=\"text-editor.default\">\n\t\t\t\t<div class=\"elementor-widget-container\">\n\t\t\t\t\t\t\t<p>Les prix s&rsquo;entendent hors taxes et hors frais de livraison. Ils seront calcul\u00e9s lors de la finalisation de la pr\u00e9-commande avec l&rsquo;un de nos collaborateurs. Les aciers et alliages vendus sur ce site sont fournis sans certificat de coul\u00e9e. Les produits sont vendus en l&rsquo;\u00e9tat et ne pourront \u00eatre repris ou \u00e9chang\u00e9s, pour toutes demandes d&rsquo;informations, merci de nous contacter: 04 74 81 91 50 ou <a href=\"https:\/\/lugand-aciers.fr\/contact-lugand-aciers\/\" target=\"_blank\" rel=\"noopener\">par email.\u00a0<\/a><\/p><p><strong>Rappel:<\/strong> <em>Toute commande ne respectant pas les conditions d\u00e9crites sera automatiquement annul\u00e9e. Les quantit\u00e9s de chaque produit sont limit\u00e9es et aucun r\u00e9assort n\u2019est possible. Votre pr\u00e9-commande sera finalis\u00e9e apr\u00e8s avoir valid\u00e9 les modalit\u00e9s de livraison et de paiement avec notre \u00e9quipe, nous vous recontacterons tr\u00e8s rapidement !\u00a0<\/em><\/p>\t\t\t\t\t\t<\/div>\n\t\t\t\t<\/div>\n\t\t\t\t\t<\/div>\n\t\t<\/div>\n\t\t\t\t\t<\/div>\n\t\t<\/section>\n\t\t\t\t<\/div>\n\t\t","protected":false},"excerpt":{"rendered":"<p>R\u00e9sum\u00e9 de votre panier Supprimer l\u2019\u00e9l\u00e9ment Miniature Produit Prix Quantit\u00e9 Sous-total &times; Palette 1 480,00&nbsp;&euro; quantit\u00e9 de Palette 1 480,00&nbsp;&euro; Mettre \u00e0 jour le panier Total HT Sous-total 480,00&nbsp;&euro; Total 480,00&nbsp;&euro; Valider Les prix s&rsquo;entendent hors taxes et hors frais de livraison. Ils seront calcul\u00e9s lors de la finalisation de la pr\u00e9-commande avec l&rsquo;un de [&hellip;]<\/p>\n","protected":false},"author":1,"featured_media":0,"parent":0,"menu_order":0,"comment_status":"closed","ping_status":"closed","template":"","meta":{"footnotes":""},"class_list":["post-67","page","type-page","status-publish","hentry"],"_links":{"self":[{"href":"https:\/\/ventes-privees.lugand-aciers.fr\/index.php?rest_route=\/wp\/v2\/pages\/67","targetHints":{"allow":["GET"]}}],"collection":[{"href":"https:\/\/ventes-privees.lugand-aciers.fr\/index.php?rest_route=\/wp\/v2\/pages"}],"about":[{"href":"https:\/\/ventes-privees.lugand-aciers.fr\/index.php?rest_route=\/wp\/v2\/types\/page"}],"author":[{"embeddable":true,"href":"https:\/\/ventes-privees.lugand-aciers.fr\/index.php?rest_route=\/wp\/v2\/users\/1"}],"replies":[{"embeddable":true,"href":"https:\/\/ventes-privees.lugand-aciers.fr\/index.php?rest_route=%2Fwp%2Fv2%2Fcomments&post=67"}],"version-history":[{"count":22,"href":"https:\/\/ventes-privees.lugand-aciers.fr\/index.php?rest_route=\/wp\/v2\/pages\/67\/revisions"}],"predecessor-version":[{"id":158,"href":"https:\/\/ventes-privees.lugand-aciers.fr\/index.php?rest_route=\/wp\/v2\/pages\/67\/revisions\/158"}],"wp:attachment":[{"href":"https:\/\/ventes-privees.lugand-aciers.fr\/index.php?rest_route=%2Fwp%2Fv2%2Fmedia&parent=67"}],"curies":[{"name":"wp","href":"https:\/\/api.w.org\/{rel}","templated":true}]}}