{"id":742,"date":"2023-08-22T14:29:33","date_gmt":"2023-08-22T12:29:33","guid":{"rendered":"https:\/\/ventes-privees.lugand-aciers.fr\/?page_id=742"},"modified":"2023-08-22T14:52:29","modified_gmt":"2023-08-22T12:52:29","slug":"alliages-daluminium","status":"publish","type":"page","link":"https:\/\/ventes-privees.lugand-aciers.fr\/?page_id=742","title":{"rendered":"Alliages d&rsquo;aluminium"},"content":{"rendered":"\t\t<div data-elementor-type=\"wp-page\" data-elementor-id=\"742\" class=\"elementor elementor-742\">\n\t\t\t\t\t\t<section class=\"elementor-section elementor-top-section elementor-element elementor-element-aac0613 elementor-section-boxed elementor-section-height-default elementor-section-height-default\" data-id=\"aac0613\" data-element_type=\"section\">\n\t\t\t\t\t\t<div class=\"elementor-container elementor-column-gap-default\">\n\t\t\t\t\t<div class=\"elementor-column elementor-col-100 elementor-top-column elementor-element elementor-element-eedd5ab\" data-id=\"eedd5ab\" data-element_type=\"column\">\n\t\t\t<div class=\"elementor-widget-wrap elementor-element-populated\">\n\t\t\t\t\t\t<div class=\"elementor-element elementor-element-62e423f elementor-widget elementor-widget-heading\" data-id=\"62e423f\" data-element_type=\"widget\" data-widget_type=\"heading.default\">\n\t\t\t\t<div class=\"elementor-widget-container\">\n\t\t\t<h2 class=\"elementor-heading-title elementor-size-default\">Alliages d'aluminium<\/h2>\t\t<\/div>\n\t\t\t\t<\/div>\n\t\t\t\t<div class=\"elementor-element elementor-element-f9b6830 elementor-grid-4 elementor-grid-tablet-3 elementor-grid-mobile-2 elementor-products-grid elementor-wc-products elementor-show-pagination-border-yes elementor-widget elementor-widget-woocommerce-products\" data-id=\"f9b6830\" data-element_type=\"widget\" data-widget_type=\"woocommerce-products.default\">\n\t\t\t\t<div class=\"elementor-widget-container\">\n\t\t\t<div class=\"woocommerce columns-4 \"><div class=\"woocommerce-notices-wrapper\"><\/div><p class=\"woocommerce-result-count\" >\n\t4\u00a0r\u00e9sultats affich\u00e9s<\/p>\n<ul class=\"products elementor-grid columns-4\">\n<li class=\"product type-product post-548 status-publish first instock product_cat-alliages-daluminium product_cat-la1050a has-post-thumbnail sold-individually shipping-taxable purchasable product-type-simple\">\n\t<a href=\"https:\/\/ventes-privees.lugand-aciers.fr\/?product=palette-56\" class=\"woocommerce-LoopProduct-link woocommerce-loop-product__link\"><img fetchpriority=\"high\" decoding=\"async\" width=\"300\" height=\"300\" src=\"https:\/\/ventes-privees.lugand-aciers.fr\/wp-content\/uploads\/2023\/07\/palette-56-300x300.jpg\" class=\"attachment-woocommerce_thumbnail size-woocommerce_thumbnail\" alt=\"\" srcset=\"https:\/\/ventes-privees.lugand-aciers.fr\/wp-content\/uploads\/2023\/07\/palette-56-300x300.jpg 300w, https:\/\/ventes-privees.lugand-aciers.fr\/wp-content\/uploads\/2023\/07\/palette-56-150x150.jpg 150w, https:\/\/ventes-privees.lugand-aciers.fr\/wp-content\/uploads\/2023\/07\/palette-56-100x100.jpg 100w\" sizes=\"(max-width: 300px) 100vw, 300px\" \/><h2 class=\"woocommerce-loop-product__title\">Palette 56<\/h2>\n\t<span class=\"price\"><span class=\"woocommerce-Price-amount amount\"><bdi>40,00&nbsp;<span class=\"woocommerce-Price-currencySymbol\">&euro;<\/span><\/bdi><\/span><\/span>\n<\/a><strong>Nuance: LA1050A\r\nPoids: 20 KG<\/strong><a href=\"?add-to-cart=548\" aria-describedby=\"woocommerce_loop_add_to_cart_link_describedby_548\" data-quantity=\"1\" class=\"button product_type_simple add_to_cart_button ajax_add_to_cart\" data-product_id=\"548\" data-product_sku=\"\" aria-label=\"Ajouter au panier\u00a0: &ldquo;Palette 56&rdquo;\" rel=\"nofollow\" data-success_message=\"\u00ab\u00a0Palette 56\u00a0\u00bb a \u00e9t\u00e9 ajout\u00e9 \u00e0 votre panier\">Ajouter au panier<\/a>\t<span id=\"woocommerce_loop_add_to_cart_link_describedby_548\" class=\"screen-reader-text\">\n\t\t\t<\/span>\n<\/li>\n<li class=\"product type-product post-230 status-publish instock product_cat-alliages-daluminium has-post-thumbnail sold-individually shipping-taxable purchasable product-type-simple\">\n\t<a href=\"https:\/\/ventes-privees.lugand-aciers.fr\/?product=palette-29\" class=\"woocommerce-LoopProduct-link woocommerce-loop-product__link\"><img decoding=\"async\" width=\"300\" height=\"300\" src=\"https:\/\/ventes-privees.lugand-aciers.fr\/wp-content\/uploads\/2023\/04\/palette29-300x300.jpg\" class=\"attachment-woocommerce_thumbnail size-woocommerce_thumbnail\" alt=\"\" srcset=\"https:\/\/ventes-privees.lugand-aciers.fr\/wp-content\/uploads\/2023\/04\/palette29-300x300.jpg 300w, https:\/\/ventes-privees.lugand-aciers.fr\/wp-content\/uploads\/2023\/04\/palette29-150x150.jpg 150w, https:\/\/ventes-privees.lugand-aciers.fr\/wp-content\/uploads\/2023\/04\/palette29-100x100.jpg 100w\" sizes=\"(max-width: 300px) 100vw, 300px\" \/><h2 class=\"woocommerce-loop-product__title\">Palette 29<\/h2>\n\t<span class=\"price\"><span class=\"woocommerce-Price-amount amount\"><bdi>750,00&nbsp;<span class=\"woocommerce-Price-currencySymbol\">&euro;<\/span><\/bdi><\/span><\/span>\n<\/a><strong>Nuance: 5083<\/strong>\r\n<strong>Poids: 250 Kg<\/strong><a href=\"?add-to-cart=230\" aria-describedby=\"woocommerce_loop_add_to_cart_link_describedby_230\" data-quantity=\"1\" class=\"button product_type_simple add_to_cart_button ajax_add_to_cart\" data-product_id=\"230\" data-product_sku=\"\" aria-label=\"Ajouter au panier\u00a0: &ldquo;Palette 29&rdquo;\" rel=\"nofollow\" data-success_message=\"\u00ab\u00a0Palette 29\u00a0\u00bb a \u00e9t\u00e9 ajout\u00e9 \u00e0 votre panier\">Ajouter au panier<\/a>\t<span id=\"woocommerce_loop_add_to_cart_link_describedby_230\" class=\"screen-reader-text\">\n\t\t\t<\/span>\n<\/li>\n<li class=\"product type-product post-217 status-publish instock product_cat-alliages-daluminium has-post-thumbnail sold-individually shipping-taxable purchasable product-type-simple\">\n\t<a href=\"https:\/\/ventes-privees.lugand-aciers.fr\/?product=palette-22\" class=\"woocommerce-LoopProduct-link woocommerce-loop-product__link\"><img decoding=\"async\" width=\"300\" height=\"300\" src=\"https:\/\/ventes-privees.lugand-aciers.fr\/wp-content\/uploads\/2023\/04\/palette22-300x300.jpg\" class=\"attachment-woocommerce_thumbnail size-woocommerce_thumbnail\" alt=\"\" srcset=\"https:\/\/ventes-privees.lugand-aciers.fr\/wp-content\/uploads\/2023\/04\/palette22-300x300.jpg 300w, https:\/\/ventes-privees.lugand-aciers.fr\/wp-content\/uploads\/2023\/04\/palette22-150x150.jpg 150w, https:\/\/ventes-privees.lugand-aciers.fr\/wp-content\/uploads\/2023\/04\/palette22-100x100.jpg 100w\" sizes=\"(max-width: 300px) 100vw, 300px\" \/><h2 class=\"woocommerce-loop-product__title\">Palette 22<\/h2>\n\t<span class=\"price\"><span class=\"woocommerce-Price-amount amount\"><bdi>315,00&nbsp;<span class=\"woocommerce-Price-currencySymbol\">&euro;<\/span><\/bdi><\/span><\/span>\n<\/a><strong>Nuance: 5083<\/strong>\r\n<strong>Poids:\u00a0105 Kg<\/strong><a href=\"?add-to-cart=217\" aria-describedby=\"woocommerce_loop_add_to_cart_link_describedby_217\" data-quantity=\"1\" class=\"button product_type_simple add_to_cart_button ajax_add_to_cart\" data-product_id=\"217\" data-product_sku=\"\" aria-label=\"Ajouter au panier\u00a0: &ldquo;Palette 22&rdquo;\" rel=\"nofollow\" data-success_message=\"\u00ab\u00a0Palette 22\u00a0\u00bb a \u00e9t\u00e9 ajout\u00e9 \u00e0 votre panier\">Ajouter au panier<\/a>\t<span id=\"woocommerce_loop_add_to_cart_link_describedby_217\" class=\"screen-reader-text\">\n\t\t\t<\/span>\n<\/li>\n<li class=\"product type-product post-209 status-publish last instock product_cat-alliages-daluminium has-post-thumbnail sold-individually shipping-taxable purchasable product-type-simple\">\n\t<a href=\"https:\/\/ventes-privees.lugand-aciers.fr\/?product=palette-18\" class=\"woocommerce-LoopProduct-link woocommerce-loop-product__link\"><img loading=\"lazy\" decoding=\"async\" width=\"300\" height=\"300\" src=\"https:\/\/ventes-privees.lugand-aciers.fr\/wp-content\/uploads\/2023\/04\/palette18-300x300.jpg\" class=\"attachment-woocommerce_thumbnail size-woocommerce_thumbnail\" alt=\"\" srcset=\"https:\/\/ventes-privees.lugand-aciers.fr\/wp-content\/uploads\/2023\/04\/palette18-300x300.jpg 300w, https:\/\/ventes-privees.lugand-aciers.fr\/wp-content\/uploads\/2023\/04\/palette18-150x150.jpg 150w, https:\/\/ventes-privees.lugand-aciers.fr\/wp-content\/uploads\/2023\/04\/palette18-100x100.jpg 100w\" sizes=\"(max-width: 300px) 100vw, 300px\" \/><h2 class=\"woocommerce-loop-product__title\">Palette 18<\/h2>\n\t<span class=\"price\"><span class=\"woocommerce-Price-amount amount\"><bdi>315,00&nbsp;<span class=\"woocommerce-Price-currencySymbol\">&euro;<\/span><\/bdi><\/span><\/span>\n<\/a><strong>Nuance: 5083<\/strong>\r\n<strong>Poids:\u00a0105 Kg<\/strong><a href=\"?add-to-cart=209\" aria-describedby=\"woocommerce_loop_add_to_cart_link_describedby_209\" data-quantity=\"1\" class=\"button product_type_simple add_to_cart_button ajax_add_to_cart\" data-product_id=\"209\" data-product_sku=\"\" aria-label=\"Ajouter au panier\u00a0: &ldquo;Palette 18&rdquo;\" rel=\"nofollow\" data-success_message=\"\u00ab\u00a0Palette 18\u00a0\u00bb a \u00e9t\u00e9 ajout\u00e9 \u00e0 votre panier\">Ajouter au panier<\/a>\t<span id=\"woocommerce_loop_add_to_cart_link_describedby_209\" class=\"screen-reader-text\">\n\t\t\t<\/span>\n<\/li>\n<\/ul>\n<\/div>\t\t<\/div>\n\t\t\t\t<\/div>\n\t\t\t\t\t<\/div>\n\t\t<\/div>\n\t\t\t\t\t<\/div>\n\t\t<\/section>\n\t\t\t\t<\/div>\n\t\t","protected":false},"excerpt":{"rendered":"<p>Alliages d&rsquo;aluminium<\/p>\n","protected":false},"author":1,"featured_media":0,"parent":0,"menu_order":0,"comment_status":"closed","ping_status":"closed","template":"","meta":{"footnotes":""},"class_list":["post-742","page","type-page","status-publish","hentry"],"_links":{"self":[{"href":"https:\/\/ventes-privees.lugand-aciers.fr\/index.php?rest_route=\/wp\/v2\/pages\/742","targetHints":{"allow":["GET"]}}],"collection":[{"href":"https:\/\/ventes-privees.lugand-aciers.fr\/index.php?rest_route=\/wp\/v2\/pages"}],"about":[{"href":"https:\/\/ventes-privees.lugand-aciers.fr\/index.php?rest_route=\/wp\/v2\/types\/page"}],"author":[{"embeddable":true,"href":"https:\/\/ventes-privees.lugand-aciers.fr\/index.php?rest_route=\/wp\/v2\/users\/1"}],"replies":[{"embeddable":true,"href":"https:\/\/ventes-privees.lugand-aciers.fr\/index.php?rest_route=%2Fwp%2Fv2%2Fcomments&post=742"}],"version-history":[{"count":7,"href":"https:\/\/ventes-privees.lugand-aciers.fr\/index.php?rest_route=\/wp\/v2\/pages\/742\/revisions"}],"predecessor-version":[{"id":776,"href":"https:\/\/ventes-privees.lugand-aciers.fr\/index.php?rest_route=\/wp\/v2\/pages\/742\/revisions\/776"}],"wp:attachment":[{"href":"https:\/\/ventes-privees.lugand-aciers.fr\/index.php?rest_route=%2Fwp%2Fv2%2Fmedia&parent=742"}],"curies":[{"name":"wp","href":"https:\/\/api.w.org\/{rel}","templated":true}]}}